{"id":723,"date":"2023-06-21T09:42:14","date_gmt":"2023-06-21T07:42:14","guid":{"rendered":"http:\/\/bblc.info\/?page_id=723"},"modified":"2025-06-24T11:01:10","modified_gmt":"2025-06-24T09:01:10","slug":"inscriptions-saison-2023-2024","status":"publish","type":"page","link":"https:\/\/bblc.info\/index.php\/inscriptions-saison-2023-2024\/","title":{"rendered":"Inscriptions Saison 2025-2026"},"content":{"rendered":"\n<p class=\"has-text-align-center\"><strong>Reprise des entrainements \u00e0 partir du lundi 8 septembre 2025<\/strong><\/p>\n\n\n\n<p class=\"has-text-align-center\"><strong>(S\u00e9ances d\u2019essai sans obligation de licence les 2 premi\u00e8res s\u00e9ances de la saison)<\/strong><\/p>\n\n\n\n<ul class=\"wp-block-list\">\n<li>Licence valide obligatoire pour poursuivre<\/li>\n<\/ul>\n\n\n\n<p><\/p>\n\n\n\n<ul class=\"wp-block-list\">\n<li>Inscriptions pour la saison 2025 \u2013 2026<\/li>\n<\/ul>\n\n\n\n<p>Etape 1 : Remplir le formulaire d\u2019inscription en suivant ici \u2013>\u00a0<a href=\"https:\/\/forms.gle\/5Awu4jANueuYTSeY6\" target=\"_blank\" rel=\"noopener\" title=\"\">https:\/\/forms.gle\/5Awu4jANueuYTSeY6<\/a><\/p>\n\n\n\n<p>Etape 2 : Le Basket-ball La Croix vous enverra (sous 7 jours) un courriel avec un lien vers le site de la f\u00e9d\u00e9ration de basket \u201cFFBB\u201d pour finaliser votre dossier d\u2019inscription (regardez vos spams&nbsp;<a href=\"mailto:no-reply@ffbb.com\" target=\"_blank\" rel=\"noreferrer noopener\">no-reply@ffbb.com<\/a>)<\/p>\n\n\n\n<p>Etape 3 : Finaliser votre inscription via le lien FFBB et r\u00e9gler votre licence soit directement par carte bancaire (3x sans frais disponible) sur le site de la FFBB soit lors d\u2019une permanence.<\/p>\n\n\n\n<p>nb : pour le r\u00e8glement sur le site HELLOASSO, une contribution est automatiquement pr\u00e9remplie pour cette association. Vous aurez la possibilit\u00e9 de modifier le don ou de cocher la case je ne d\u00e9sire pas contribuer \u00e0 HelloAsso et r\u00e9gler uniquement le prix de votre licence.<\/p>\n\n\n\n<p>nb2 : pour les d\u00e9tenteurs d\u2019un \u201cpass sport Oise\u201d, \u201cpass sport 50\u20ac\u201d il vous faudra le transmettre par email (<a href=\"mailto:basketball.lacroix@gmail.com\" target=\"_blank\" rel=\"noreferrer noopener\">basketball.lacroix@gmail.com<\/a>) avant le paiement de la licence pour obtenir la r\u00e9duction.<\/p>\n\n\n\n<p>Etape 4 : Un courriel FFBB vous confirmera la prise en compte de votre saisie et r\u00e8glement<\/p>\n\n\n\n<p>Etape 5 : Les donn\u00e9es saisies seront contr\u00f4l\u00e9es et valid\u00e9es (notamment qualit\u00e9 de la photographie d\u2019identit\u00e9) par le comit\u00e9 d\u00e9partemental de Basket<\/p>\n\n\n\n<p>Etape 6 : Apr\u00e8s validation vous recevrez votre licence par mail sous 15 jours.<\/p>\n\n\n\n<p><strong><em><mark>Les inscriptions sont ouvertes en priorit\u00e9 aux licenci\u00e9s 2024 \u2013 2025 du club jusqu\u2019au 15 septembre 2025<\/mark><\/em><\/strong><\/p>\n\n\n\n<p><\/p>\n","protected":false},"excerpt":{"rendered":"<p>Reprise des entrainements \u00e0 partir du lundi 8 septembre 2025 (S\u00e9ances d\u2019essai sans obligation de licence les 2 premi\u00e8res s\u00e9ances de la saison) Etape 1 : Remplir le formulaire d\u2019inscription en suivant ici \u2013>\u00a0https:\/\/forms.gle\/5Awu4jANueuYTSeY6 Etape 2 : Le Basket-ball La Croix vous enverra (sous 7 jours) un courriel avec un lien vers le site de [&hellip;]<\/p>\n","protected":false},"author":1,"featured_media":0,"parent":0,"menu_order":0,"comment_status":"closed","ping_status":"closed","template":"","meta":{"_exactmetrics_skip_tracking":false,"_exactmetrics_sitenote_active":false,"_exactmetrics_sitenote_note":"","_exactmetrics_sitenote_category":0,"_monsterinsights_skip_tracking":false,"_monsterinsights_sitenote_active":false,"_monsterinsights_sitenote_note":"","_monsterinsights_sitenote_category":0,"footnotes":""},"class_list":["post-723","page","type-page","status-publish","hentry"],"aioseo_notices":[],"_links":{"self":[{"href":"https:\/\/bblc.info\/index.php\/wp-json\/wp\/v2\/pages\/723","targetHints":{"allow":["GET"]}}],"collection":[{"href":"https:\/\/bblc.info\/index.php\/wp-json\/wp\/v2\/pages"}],"about":[{"href":"https:\/\/bblc.info\/index.php\/wp-json\/wp\/v2\/types\/page"}],"author":[{"embeddable":true,"href":"https:\/\/bblc.info\/index.php\/wp-json\/wp\/v2\/users\/1"}],"replies":[{"embeddable":true,"href":"https:\/\/bblc.info\/index.php\/wp-json\/wp\/v2\/comments?post=723"}],"version-history":[{"count":13,"href":"https:\/\/bblc.info\/index.php\/wp-json\/wp\/v2\/pages\/723\/revisions"}],"predecessor-version":[{"id":969,"href":"https:\/\/bblc.info\/index.php\/wp-json\/wp\/v2\/pages\/723\/revisions\/969"}],"wp:attachment":[{"href":"https:\/\/bblc.info\/index.php\/wp-json\/wp\/v2\/media?parent=723"}],"curies":[{"name":"wp","href":"https:\/\/api.w.org\/{rel}","templated":true}]}}